{"id":55,"date":"2022-03-04T15:06:42","date_gmt":"2022-03-04T14:06:42","guid":{"rendered":"https:\/\/plagi.edu.pl\/2024\/?page_id=55"},"modified":"2022-03-05T15:59:28","modified_gmt":"2022-03-05T14:59:28","slug":"kontakt","status":"publish","type":"page","link":"https:\/\/plagi.edu.pl\/2024\/kontakt\/","title":{"rendered":"Kontakt"},"content":{"rendered":"<p style=\"text-align: center;\">Organizatorem szkole\u0144<\/p>\n<p style=\"text-align: center;\"><strong>&#8222;Plagi polskie&#8221;<\/strong><\/p>\n<p style=\"text-align: center;\">jest firma:<\/p>\n<p style=\"text-align: center;\"><a href=\"http:\/\/www.medvisa.pl\/\"><img loading=\"lazy\" decoding=\"async\" class=\"aligncenter wp-image-107\" src=\"https:\/\/skalpel.edu.pl\/wp-content\/uploads\/2018\/11\/Logo-up.png\" sizes=\"auto, (max-width: 115px) 100vw, 115px\" srcset=\"https:\/\/skalpel.edu.pl\/wp-content\/uploads\/2018\/11\/Logo-up.png 1191w, https:\/\/skalpel.edu.pl\/wp-content\/uploads\/2018\/11\/Logo-up-300x212.png 300w, https:\/\/skalpel.edu.pl\/wp-content\/uploads\/2018\/11\/Logo-up-768x543.png 768w, https:\/\/skalpel.edu.pl\/wp-content\/uploads\/2018\/11\/Logo-up-1024x724.png 1024w\" alt=\"\" width=\"115\" height=\"81\" \/><\/a><\/p>\n<p style=\"text-align: center;\"><strong>Medvisa Healthcare Solutions<\/strong><br \/>\nul. Fredry 7\/10<br \/>\n61-701 Pozna\u0144<br \/>\ntel. +48 690 906 766<br \/>\ntel. +48 570 131 777<br \/>\ne-mail: biuro@medvisa.pl<\/p>\n<p style=\"text-align: center;\">Dowiedz si\u0119 wi\u0119cej o projektach, kt\u00f3re realizujemy dla przedstawicieli \u015bwiata medycyny i farmacji:<\/p>\n<h3 style=\"text-align: center;\"><a href=\"http:\/\/www.medvisa.pl\/\"><strong>www.medvisa.pl<\/strong>\u00a0<\/a><\/h3>\n","protected":false},"excerpt":{"rendered":"<p>Organizatorem szkole\u0144 &#8222;Plagi polskie&#8221; jest firma: Medvisa Healthcare Solutions ul. Fredry 7\/10 61-701 Pozna\u0144 tel. +48 690 906 766 tel. +48 570 131 777 e-mail: biuro@medvisa.pl Dowiedz si\u0119 wi\u0119cej o projektach, kt\u00f3re realizujemy dla przedstawicieli \u015bwiata medycyny i farmacji: www.medvisa.pl\u00a0<\/p>\n","protected":false},"author":1,"featured_media":0,"parent":0,"menu_order":0,"comment_status":"closed","ping_status":"closed","template":"","meta":{"_acf_changed":false,"footnotes":""},"class_list":["post-55","page","type-page","status-publish","hentry"],"acf":[],"_links":{"self":[{"href":"https:\/\/plagi.edu.pl\/2024\/wp-json\/wp\/v2\/pages\/55","targetHints":{"allow":["GET"]}}],"collection":[{"href":"https:\/\/plagi.edu.pl\/2024\/wp-json\/wp\/v2\/pages"}],"about":[{"href":"https:\/\/plagi.edu.pl\/2024\/wp-json\/wp\/v2\/types\/page"}],"author":[{"embeddable":true,"href":"https:\/\/plagi.edu.pl\/2024\/wp-json\/wp\/v2\/users\/1"}],"replies":[{"embeddable":true,"href":"https:\/\/plagi.edu.pl\/2024\/wp-json\/wp\/v2\/comments?post=55"}],"version-history":[{"count":2,"href":"https:\/\/plagi.edu.pl\/2024\/wp-json\/wp\/v2\/pages\/55\/revisions"}],"predecessor-version":[{"id":58,"href":"https:\/\/plagi.edu.pl\/2024\/wp-json\/wp\/v2\/pages\/55\/revisions\/58"}],"wp:attachment":[{"href":"https:\/\/plagi.edu.pl\/2024\/wp-json\/wp\/v2\/media?parent=55"}],"curies":[{"name":"wp","href":"https:\/\/api.w.org\/{rel}","templated":true}]}}