{"id":302,"date":"2025-02-24T15:58:05","date_gmt":"2025-02-24T14:58:05","guid":{"rendered":"https:\/\/plagi.edu.pl\/2025\/?page_id=302"},"modified":"2025-02-24T15:58:46","modified_gmt":"2025-02-24T14:58:46","slug":"warsztaty","status":"publish","type":"page","link":"https:\/\/plagi.edu.pl\/2025\/warsztaty\/","title":{"rendered":"Warsztaty przedkonferencyjne"},"content":{"rendered":"<p><strong>Zawroty g\u0142owy w gabinecie lekarza rodzinnego <\/strong><\/p>\n<p>Plan spotkania:<\/p>\n<ol>\n<li>Praktyczne podej\u015bcie do zagadnie\u0144 dotycz\u0105cych diagnostyki r\u00f3\u017cnicowej zespo\u0142\u00f3w przedsionkowych:<\/li>\n<\/ol>\n<ul>\n<li>jak w\u0142a\u015bciwie przeprowadzi\u0107 wywiad lekarski (jak w uporz\u0105dkowany spos\u00f3b rozr\u00f3\u017cni\u0107 typy zawrot\u00f3w g\u0142owy \u2013 samoistne, po\u0142o\u017ceniowe, funkcjonalne),<\/li>\n<li>jak w\u0142a\u015bciwie przeprowadzi\u0107 badanie przedmiotowe:\n<ul>\n<li>badanie odruchu przedsionkowo-ocznego (VOR, <em>vestibulo-ocular reflex<\/em>), ocena oczopl\u0105su (<em>nystagmus<\/em>), ocena sko\u015bnego zbaczania ga\u0142ek ocznych (<em>skew deviation<\/em>) \u2013 test HINTS (<em>head impulse, nystagmus, skew deviation<\/em>),<\/li>\n<li>algorytm r\u00f3\u017cnicowania \u0142agodnych po\u0142o\u017ceniowych zawrot\u00f3w g\u0142owy (BPPV, <em>benign paroxysmal positional vertigo<\/em>) \u2013 kolejno\u015b\u0107 wykonywania manewr\u00f3w diagnostycznych (supine head roll test, manewr Dix-Hallpike\u2019a, supine head hanging test), charakter i kierunek spodziewanego oczopl\u0105su.<\/li>\n<\/ul>\n<\/li>\n<\/ul>\n<ol start=\"2\">\n<li>Instrukta\u017c wykonywania manewr\u00f3w leczniczych w przypadku \u0142agodnych po\u0142o\u017ceniowych zawrot\u00f3w g\u0142owy dla kana\u0142\u00f3w p\u00f3\u0142kolistych poziomych, tylnych<br \/>\ni przednich (manewry Gufoniego, manewr Epley\u2019a, manewr Yacovino).<\/li>\n<li>Przedstawienie mo\u017cliwo\u015bci terapeutycznych dla zawrot\u00f3w g\u0142owy innych ni\u017c BPPV (\u0107wiczenia adaptacyjne, \u0107wiczenia habituacyjne, \u0107wiczenia substytucyjne, trening okulomotoryczny).<\/li>\n<\/ol>\n<p>UWAGA! Z pomoc\u0105 os\u00f3b prowadz\u0105cych, podczas pracy w grupach, ka\u017cdy uczestnik warsztat\u00f3w b\u0119dzie mia\u0142 mo\u017cliwo\u015b\u0107 samodzielnego przeanalizowania i wykonania poszczeg\u00f3lnych etap\u00f3w badania i terapii.<\/p>\n","protected":false},"excerpt":{"rendered":"<p>Zawroty g\u0142owy w gabinecie lekarza rodzinnego Plan spotkania: Praktyczne podej\u015bcie do zagadnie\u0144 dotycz\u0105cych diagnostyki r\u00f3\u017cnicowej zespo\u0142\u00f3w przedsionkowych: jak w\u0142a\u015bciwie przeprowadzi\u0107 wywiad lekarski (jak w uporz\u0105dkowany spos\u00f3b rozr\u00f3\u017cni\u0107 typy zawrot\u00f3w g\u0142owy \u2013 samoistne, po\u0142o\u017ceniowe, funkcjonalne), jak w\u0142a\u015bciwie przeprowadzi\u0107 badanie przedmiotowe: badanie odruchu przedsionkowo-ocznego (VOR, vestibulo-ocular reflex), ocena oczopl\u0105su (nystagmus), ocena sko\u015bnego zbaczania ga\u0142ek ocznych (skew deviation) [&hellip;]<\/p>\n","protected":false},"author":1,"featured_media":0,"parent":0,"menu_order":0,"comment_status":"closed","ping_status":"closed","template":"","meta":{"_acf_changed":false,"footnotes":""},"class_list":["post-302","page","type-page","status-publish","hentry"],"acf":[],"_links":{"self":[{"href":"https:\/\/plagi.edu.pl\/2025\/wp-json\/wp\/v2\/pages\/302","targetHints":{"allow":["GET"]}}],"collection":[{"href":"https:\/\/plagi.edu.pl\/2025\/wp-json\/wp\/v2\/pages"}],"about":[{"href":"https:\/\/plagi.edu.pl\/2025\/wp-json\/wp\/v2\/types\/page"}],"author":[{"embeddable":true,"href":"https:\/\/plagi.edu.pl\/2025\/wp-json\/wp\/v2\/users\/1"}],"replies":[{"embeddable":true,"href":"https:\/\/plagi.edu.pl\/2025\/wp-json\/wp\/v2\/comments?post=302"}],"version-history":[{"count":1,"href":"https:\/\/plagi.edu.pl\/2025\/wp-json\/wp\/v2\/pages\/302\/revisions"}],"predecessor-version":[{"id":303,"href":"https:\/\/plagi.edu.pl\/2025\/wp-json\/wp\/v2\/pages\/302\/revisions\/303"}],"wp:attachment":[{"href":"https:\/\/plagi.edu.pl\/2025\/wp-json\/wp\/v2\/media?parent=302"}],"curies":[{"name":"wp","href":"https:\/\/api.w.org\/{rel}","templated":true}]}}