{"id":8,"date":"2022-03-01T14:49:57","date_gmt":"2022-03-01T13:49:57","guid":{"rendered":"https:\/\/plagi.edu.pl\/2025\/index.php\/registration\/"},"modified":"2022-03-01T14:57:19","modified_gmt":"2022-03-01T13:57:19","slug":"rejestracja","status":"publish","type":"page","link":"https:\/\/plagi.edu.pl\/2025\/rejestracja\/","title":{"rendered":"Rejestracja"},"content":{"rendered":"\t<div class='user-registration ur-frontend-form  ' id='user-registration-form-6'>\n\t\t\t\t\t<form method='post' class='register' data-form-id=\"6\"\n\t\t\t\tdata-enable-strength-password=\"\" data-minimum-password-strength=\"3\"\n\t\t\t\t\t\t\t\t\t\t\t\t\t\t\t data-captcha-enabled=\"\">\n\n\t\t\t\t<div class=\"ur-form-row\">\t\t\t\t\t\t<div class=\"ur-form-grid ur-grid-1\"\n\t\t\t\t\t\t\tstyle=\"width:99%\">\n\t\t\t\t\t\t\t\t\t\t\t\t\t\t<div  data-field-id=\"user_email\" class=\"ur-field-item field-user_email \" data-ref-id=\"user_email\">\n\t\t\t\t\t\t\t\t\t<div class=\"form-row validate-required\" id=\"user_email_field\" data-priority=\"\" ><label for=\"user_email\" class=\"ur-label\">Tw\u00f3j e-mail <abbr class=\"required\" title=\"required\">*<\/abbr><\/label> <span class=\"input-wrapper\"> <input data-rules=\"\" data-id=\"user_email\" type=\"email\" class=\"input-text   input-email ur-frontend-field  \" name=\"user_email\" id=\"user_email\" placeholder=\"\"  value=\"\" required=\"required\" data-label=\"Tw\u00f3j e-mail\" \/> <\/span> <\/div>\t\t\t\t\t\t\t\t<\/div>\n\t\t\t\t\t\t\t\t\t\t\t\t\t\t<\/div>\n\t\t\t\t\t\t\t\t\t\t\t<\/div>\n\t\t\t\t\t<div class=\"ur-form-row\">\t\t\t\t\t\t<div class=\"ur-form-grid ur-grid-1\"\n\t\t\t\t\t\t\tstyle=\"width:48%\">\n\t\t\t\t\t\t\t\t\t\t\t\t\t\t<div  data-field-id=\"user_pass\" class=\"ur-field-item field-user_pass \" data-ref-id=\"user_pass\">\n\t\t\t\t\t\t\t\t\t<div class=\"form-row validate-required hide_show_password\" id=\"user_pass_field\" data-priority=\"\"><label for=\"user_pass\" class=\"ur-label\">Twoje has\u0142o <abbr class=\"required\" title=\"required\">*<\/abbr><\/label> <span class=\"input-wrapper\"> <span class=\"password-input-group input-form-field-icons\"><input data-rules=\"\" data-id=\"user_pass\" type=\"password\" class=\"input-text  input-password ur-frontend-field  \" name=\"user_pass\" id=\"user_pass\" placeholder=\"\"  value=\"\" required=\"required\" data-label=\"Twoje has\u0142o\" \/><\/span> <\/span> <\/div>\t\t\t\t\t\t\t\t<\/div>\n\t\t\t\t\t\t\t\t\t\t\t\t\t\t<\/div>\n\t\t\t\t\t\t\t\t\t\t\t\t<div class=\"ur-form-grid ur-grid-2\"\n\t\t\t\t\t\t\tstyle=\"width:48%\">\n\t\t\t\t\t\t\t\t\t\t\t\t\t\t<div  data-field-id=\"user_confirm_password\" class=\"ur-field-item field-user_confirm_password \" data-ref-id=\"user_confirm_password\">\n\t\t\t\t\t\t\t\t\t<div class=\"form-row validate-required hide_show_password\" id=\"user_confirm_password_field\" data-priority=\"\"><label for=\"user_confirm_password\" class=\"ur-label\">Powt\u00f3rz has\u0142o <abbr class=\"required\" title=\"required\">*<\/abbr><\/label> <span class=\"input-wrapper\"> <span class=\"password-input-group input-form-field-icons\"><input data-rules=\"\" data-id=\"user_confirm_password\" type=\"password\" class=\"input-text  input-password ur-frontend-field  \" name=\"user_confirm_password\" id=\"user_confirm_password\" placeholder=\"\"  value=\"\" required=\"required\" data-label=\"Powt\u00f3rz has\u0142o\" \/><\/span> <\/span> <\/div>\t\t\t\t\t\t\t\t<\/div>\n\t\t\t\t\t\t\t\t\t\t\t\t\t\t<\/div>\n\t\t\t\t\t\t\t\t\t\t\t<\/div>\n\t\t\t\t\t<div class=\"ur-form-row\">\t\t\t\t\t\t<div class=\"ur-form-grid ur-grid-1\"\n\t\t\t\t\t\t\tstyle=\"width:48%\">\n\t\t\t\t\t\t\t\t\t\t\t\t\t\t<div  data-field-id=\"first_name\" class=\"ur-field-item field-first_name \" data-ref-id=\"first_name\">\n\t\t\t\t\t\t\t\t\t<div class=\"form-row validate-required\" id=\"first_name_field\" data-priority=\"\" ><label for=\"first_name\" class=\"ur-label\">Imi\u0119 <abbr class=\"required\" title=\"required\">*<\/abbr><\/label> <span class=\"input-wrapper\"> <input data-rules=\"\" data-id=\"first_name\" type=\"text\" class=\"input-text   input-text ur-frontend-field  \" name=\"first_name\" id=\"first_name\" placeholder=\"\"  value=\"\" required=\"required\" data-label=\"Imi\u0119\" \/> <\/span> <\/div>\t\t\t\t\t\t\t\t<\/div>\n\t\t\t\t\t\t\t\t\t\t\t\t\t\t<\/div>\n\t\t\t\t\t\t\t\t\t\t\t\t<div class=\"ur-form-grid ur-grid-2\"\n\t\t\t\t\t\t\tstyle=\"width:48%\">\n\t\t\t\t\t\t\t\t\t\t\t\t\t\t<div  data-field-id=\"last_name\" class=\"ur-field-item field-last_name \" data-ref-id=\"last_name\">\n\t\t\t\t\t\t\t\t\t<div class=\"form-row validate-required\" id=\"last_name_field\" data-priority=\"\" ><label for=\"last_name\" class=\"ur-label\">Nazwisko <abbr class=\"required\" title=\"required\">*<\/abbr><\/label> <span class=\"input-wrapper\"> <input data-rules=\"\" data-id=\"last_name\" type=\"text\" class=\"input-text   input-text ur-frontend-field  \" name=\"last_name\" id=\"last_name\" placeholder=\"\"  value=\"\" required=\"required\" data-label=\"Nazwisko\" \/> <\/span> <\/div>\t\t\t\t\t\t\t\t<\/div>\n\t\t\t\t\t\t\t\t\t\t\t\t\t\t<\/div>\n\t\t\t\t\t\t\t\t\t\t\t<\/div>\n\t\t\t\t\t<div class=\"ur-form-row\">\t\t\t\t\t\t<div class=\"ur-form-grid ur-grid-1\"\n\t\t\t\t\t\t\tstyle=\"width:48%\">\n\t\t\t\t\t\t\t\t\t\t\t\t\t\t<div  data-field-id=\"input_box_1646142872\" class=\"ur-field-item field-text \" data-ref-id=\"input_box_1646142872\">\n\t\t\t\t\t\t\t\t\t<div class=\"form-row validate-required\" id=\"input_box_1646142872_field\" data-priority=\"\" ><label for=\"input_box_1646142872\" class=\"ur-label\">Telefon <abbr class=\"required\" title=\"required\">*<\/abbr><\/label> <span class=\"input-wrapper\"> <input data-rules=\"\" data-id=\"input_box_1646142872\" type=\"text\" class=\"input-text   input-text ur-frontend-field  \" name=\"input_box_1646142872\" id=\"input_box_1646142872\" placeholder=\"\"  value=\"\" required=\"required\" data-label=\"Telefon\" maxlength=\"20\" \/> <\/span> <\/div>\t\t\t\t\t\t\t\t<\/div>\n\t\t\t\t\t\t\t\t\t\t\t\t\t\t<\/div>\n\t\t\t\t\t\t\t\t\t\t\t\t<div class=\"ur-form-grid ur-grid-2\"\n\t\t\t\t\t\t\tstyle=\"width:48%\">\n\t\t\t\t\t\t\t\t\t\t\t\t\t\t<div  data-field-id=\"input_box_1646142876\" class=\"ur-field-item field-text \" data-ref-id=\"input_box_1646142876\">\n\t\t\t\t\t\t\t\t\t<div class=\"form-row validate-required\" id=\"input_box_1646142876_field\" data-priority=\"\" ><label for=\"input_box_1646142876\" class=\"ur-label\">Numer PWZ (lub wybierz: 1) <abbr class=\"required\" title=\"required\">*<\/abbr><\/label> <span class=\"input-wrapper\"> <input data-rules=\"\" data-id=\"input_box_1646142876\" type=\"text\" class=\"input-text   input-text ur-frontend-field  \" name=\"input_box_1646142876\" id=\"input_box_1646142876\" placeholder=\"\"  value=\"\" required=\"required\" data-label=\"Numer PWZ (lub wybierz: 1)\" maxlength=\"20\" \/> <\/span> <\/div>\t\t\t\t\t\t\t\t<\/div>\n\t\t\t\t\t\t\t\t\t\t\t\t\t\t<\/div>\n\t\t\t\t\t\t\t\t\t\t\t<\/div>\n\t\t\t\t\t<div class=\"ur-form-row\">\t\t\t\t\t\t<div class=\"ur-form-grid ur-grid-1\"\n\t\t\t\t\t\t\tstyle=\"width:99%\">\n\t\t\t\t\t\t\t\t\t\t\t\t\t\t<div  data-field-id=\"input_box_1646142886\" class=\"ur-field-item field-text \" data-ref-id=\"input_box_1646142886\">\n\t\t\t\t\t\t\t\t\t<div class=\"form-row validate-required\" id=\"input_box_1646142886_field\" data-priority=\"\" ><label for=\"input_box_1646142886\" class=\"ur-label\">Adres korespondencyjny - ulica i numer <abbr class=\"required\" title=\"required\">*<\/abbr><\/label> <span class=\"input-wrapper\"> <input data-rules=\"\" data-id=\"input_box_1646142886\" type=\"text\" class=\"input-text   input-text ur-frontend-field  \" name=\"input_box_1646142886\" id=\"input_box_1646142886\" placeholder=\"\"  value=\"\" required=\"required\" data-label=\"Adres korespondencyjny - ulica i numer\" maxlength=\"20\" \/> <\/span> <\/div>\t\t\t\t\t\t\t\t<\/div>\n\t\t\t\t\t\t\t\t\t\t\t\t\t\t<\/div>\n\t\t\t\t\t\t\t\t\t\t\t<\/div>\n\t\t\t\t\t<div class=\"ur-form-row\">\t\t\t\t\t\t<div class=\"ur-form-grid ur-grid-1\"\n\t\t\t\t\t\t\tstyle=\"width:48%\">\n\t\t\t\t\t\t\t\t\t\t\t\t\t\t<div  data-field-id=\"input_box_1646142892\" class=\"ur-field-item field-text \" data-ref-id=\"input_box_1646142892\">\n\t\t\t\t\t\t\t\t\t<div class=\"form-row validate-required\" id=\"input_box_1646142892_field\" data-priority=\"\" ><label for=\"input_box_1646142892\" class=\"ur-label\">Adres korespondencyjny - kod pocztowy <abbr class=\"required\" title=\"required\">*<\/abbr><\/label> <span class=\"input-wrapper\"> <input data-rules=\"\" data-id=\"input_box_1646142892\" type=\"text\" class=\"input-text   input-text ur-frontend-field  \" name=\"input_box_1646142892\" id=\"input_box_1646142892\" placeholder=\"\"  value=\"\" required=\"required\" data-label=\"Adres korespondencyjny - kod pocztowy\" maxlength=\"20\" \/> <\/span> <\/div>\t\t\t\t\t\t\t\t<\/div>\n\t\t\t\t\t\t\t\t\t\t\t\t\t\t<\/div>\n\t\t\t\t\t\t\t\t\t\t\t\t<div class=\"ur-form-grid ur-grid-2\"\n\t\t\t\t\t\t\tstyle=\"width:48%\">\n\t\t\t\t\t\t\t\t\t\t\t\t\t\t<div  data-field-id=\"input_box_1646142894\" class=\"ur-field-item field-text \" data-ref-id=\"input_box_1646142894\">\n\t\t\t\t\t\t\t\t\t<div class=\"form-row validate-required\" id=\"input_box_1646142894_field\" data-priority=\"\" ><label for=\"input_box_1646142894\" class=\"ur-label\">Adres korespondencyjny - miasto <abbr class=\"required\" title=\"required\">*<\/abbr><\/label> <span class=\"input-wrapper\"> <input data-rules=\"\" data-id=\"input_box_1646142894\" type=\"text\" class=\"input-text   input-text ur-frontend-field  \" name=\"input_box_1646142894\" id=\"input_box_1646142894\" placeholder=\"\"  value=\"\" required=\"required\" data-label=\"Adres korespondencyjny - miasto\" maxlength=\"20\" \/> <\/span> <\/div>\t\t\t\t\t\t\t\t<\/div>\n\t\t\t\t\t\t\t\t\t\t\t\t\t\t<\/div>\n\t\t\t\t\t\t\t\t\t\t\t<\/div>\n\t\t\t\t\t<div class=\"ur-form-row\">\t\t\t\t\t\t<div class=\"ur-form-grid ur-grid-1\"\n\t\t\t\t\t\t\tstyle=\"width:99%\">\n\t\t\t\t\t\t\t\t\t\t\t\t\t\t<div  data-field-id=\"check_box_1646142977\" class=\"ur-field-item field-checkbox \" data-ref-id=\"check_box_1646142977\">\n\t\t\t\t\t\t\t\t\t<div class=\"form-row validate-required\" id=\"check_box_1646142977_field\" data-priority=\"\" ><label class=\"ur-label\" required=\"required\" data-label=\"Wyra\u017cam zgod\u0119\" data-default=\"Wyra\u017cam zgod\u0119 na przetwarzanie moich danych osobowych zgodnie z ustaw\u0105 z dnia 10 maja 2018 r. o ochronie danych osobowych z p\u00f3\u017aniejszymi zmianami przez Medvisa S\u0142awomir Poziomek z siedzib\u0105 w Poznaniu, jako administratora danych osobowych w celu organizacji kursu\/warsztat\u00f3w i informowania mnie o przysz\u0142ych konferencjach i kursach. O\u015bwiadczam, \u017ce zosta\u0142em\/am poinformowany\/a o prawie wgl\u0105du do moich danych i mo\u017cliwo\u015bci ich modyfikacji.\">Wyra\u017cam zgod\u0119 <abbr class=\"required\" title=\"required\">*<\/abbr><\/label><ul ><li class=\"ur-checkbox-list\"><input data-rules=\"\" data-id=\"check_box_1646142977[]\" required=\"required\" data-label=\"Wyra\u017cam zgod\u0119\" data-default=\"Wyra\u017cam zgod\u0119 na przetwarzanie moich danych osobowych zgodnie z ustaw\u0105 z dnia 10 maja 2018 r. o ochronie danych osobowych z p\u00f3\u017aniejszymi zmianami przez Medvisa S\u0142awomir Poziomek z siedzib\u0105 w Poznaniu, jako administratora danych osobowych w celu organizacji kursu\/warsztat\u00f3w i informowania mnie o przysz\u0142ych konferencjach i kursach. O\u015bwiadczam, \u017ce zosta\u0142em\/am poinformowany\/a o prawie wgl\u0105du do moich danych i mo\u017cliwo\u015bci ich modyfikacji.\" data-value=\"Wyra\u017cam zgod\u0119 na przetwarzanie moich danych osobowych zgodnie z ustaw\u0105 z dnia 10 maja 2018 r. o ochronie danych osobowych z p\u00f3\u017aniejszymi zmianami przez Medvisa S\u0142awomir Poziomek z siedzib\u0105 w Poznaniu, jako administratora danych osobowych w celu organizacji kursu\/warsztat\u00f3w i informowania mnie o przysz\u0142ych konferencjach i kursach. O\u015bwiadczam, \u017ce zosta\u0142em\/am poinformowany\/a o prawie wgl\u0105du do moich danych i mo\u017cliwo\u015bci ich modyfikacji.\" type=\"checkbox\" class=\"input-checkbox ur-frontend-field  \" name=\"check_box_1646142977[]\" id=\"check_box_1646142977_Wyra\u017cam zgod\u0119 na przetwarzanie moich danych osobowych zgodnie z ustaw\u0105 z dnia 10 maja 2018 r. o ochronie danych osobowych z p\u00f3\u017aniejszymi zmianami przez Medvisa S\u0142awomir Poziomek z siedzib\u0105 w Poznaniu, jako administratora danych osobowych w celu organizacji kursu\/warsztat\u00f3w i informowania mnie o przysz\u0142ych konferencjach i kursach. O\u015bwiadczam, \u017ce zosta\u0142em\/am poinformowany\/a o prawie wgl\u0105du do moich danych i mo\u017cliwo\u015bci ich modyfikacji.\" value=\"Wyra\u017cam zgod\u0119 na przetwarzanie moich danych osobowych zgodnie z ustaw\u0105 z dnia 10 maja 2018 r. o ochronie danych osobowych z p\u00f3\u017aniejszymi zmianami przez Medvisa S\u0142awomir Poziomek z siedzib\u0105 w Poznaniu, jako administratora danych osobowych w celu organizacji kursu\/warsztat\u00f3w i informowania mnie o przysz\u0142ych konferencjach i kursach. O\u015bwiadczam, \u017ce zosta\u0142em\/am poinformowany\/a o prawie wgl\u0105du do moich danych i mo\u017cliwo\u015bci ich modyfikacji.\" checked=&quot;checked&quot;\/><label class=\"ur-checkbox-label\" for=\"check_box_1646142977_Wyra\u017cam zgod\u0119 na przetwarzanie moich danych osobowych zgodnie z ustaw\u0105 z dnia 10 maja 2018 r. o ochronie danych osobowych z p\u00f3\u017aniejszymi zmianami przez Medvisa S\u0142awomir Poziomek z siedzib\u0105 w Poznaniu, jako administratora danych osobowych w celu organizacji kursu\/warsztat\u00f3w i informowania mnie o przysz\u0142ych konferencjach i kursach. O\u015bwiadczam, \u017ce zosta\u0142em\/am poinformowany\/a o prawie wgl\u0105du do moich danych i mo\u017cliwo\u015bci ich modyfikacji.\">Wyra\u017cam zgod\u0119 na przetwarzanie moich danych osobowych zgodnie z ustaw\u0105 z dnia 10 maja 2018 r. o ochronie danych osobowych z p\u00f3\u017aniejszymi zmianami przez Medvisa S\u0142awomir Poziomek z siedzib\u0105 w Poznaniu, jako administratora danych osobowych w celu organizacji kursu\/warsztat\u00f3w i informowania mnie o przysz\u0142ych konferencjach i kursach. O\u015bwiadczam, \u017ce zosta\u0142em\/am poinformowany\/a o prawie wgl\u0105du do moich danych i mo\u017cliwo\u015bci ich modyfikacji.<\/label> <\/li><\/ul><\/div>\t\t\t\t\t\t\t\t<\/div>\n\t\t\t\t\t\t\t\t\t\t\t\t\t\t<\/div>\n\t\t\t\t\t\t\t\t\t\t\t<\/div>\n\t\t\t\t\t\t\t\t\t\t\t\t\t\t\t\t\t<div class=\"ur-button-container \" >\n\t\t\t\t\t\t\t\t\t\t\t\t\t\t<button type=\"submit\" class=\"btn button ur-submit-button \" conditional_rules=\"&quot;&quot;\">\n\t\t\t\t\t\t\t\t<span><\/span>\n\t\t\t\t\t\t\t\tZarejestruj si\u0119\t\t\t\t\t\t\t<\/button>\n\t\t\t\t\t\t\t\t\t\t\t\t\t\t\t\t\t\t\t\t<\/div>\n\t\t\t\t\t\t\n\t\t\t\t<div style=\"clear:both\"><\/div>\n\t\t\t\t\t\t\t\t<input type=\"hidden\" name=\"ur-user-form-id\" value=\"6\"\/>\n\t\t\t\t<input type=\"hidden\" name=\"ur-redirect-url\" value=\"\"\/>\n\t\t\t\t<input type=\"hidden\" id=\"ur_frontend_form_nonce\" name=\"ur_frontend_form_nonce\" value=\"22a57da1cd\" \/>\n\t\t\t\t\t\t\t<\/form>\n\t\t\t\n\t\t<div style=\"clear:both\"><\/div>\n\t<\/div>\n\n","protected":false},"excerpt":{"rendered":"","protected":false},"author":1,"featured_media":0,"parent":0,"menu_order":0,"comment_status":"closed","ping_status":"closed","template":"","meta":{"_acf_changed":false,"footnotes":""},"class_list":["post-8","page","type-page","status-publish","hentry"],"acf":[],"_links":{"self":[{"href":"https:\/\/plagi.edu.pl\/2025\/wp-json\/wp\/v2\/pages\/8","targetHints":{"allow":["GET"]}}],"collection":[{"href":"https:\/\/plagi.edu.pl\/2025\/wp-json\/wp\/v2\/pages"}],"about":[{"href":"https:\/\/plagi.edu.pl\/2025\/wp-json\/wp\/v2\/types\/page"}],"author":[{"embeddable":true,"href":"https:\/\/plagi.edu.pl\/2025\/wp-json\/wp\/v2\/users\/1"}],"replies":[{"embeddable":true,"href":"https:\/\/plagi.edu.pl\/2025\/wp-json\/wp\/v2\/comments?post=8"}],"version-history":[{"count":1,"href":"https:\/\/plagi.edu.pl\/2025\/wp-json\/wp\/v2\/pages\/8\/revisions"}],"predecessor-version":[{"id":10,"href":"https:\/\/plagi.edu.pl\/2025\/wp-json\/wp\/v2\/pages\/8\/revisions\/10"}],"wp:attachment":[{"href":"https:\/\/plagi.edu.pl\/2025\/wp-json\/wp\/v2\/media?parent=8"}],"curies":[{"name":"wp","href":"https:\/\/api.w.org\/{rel}","templated":true}]}}